{"id":442,"date":"2025-04-15T15:05:28","date_gmt":"2025-04-15T15:05:28","guid":{"rendered":"https:\/\/clayandlime.com\/?page_id=442"},"modified":"2025-04-15T15:05:28","modified_gmt":"2025-04-15T15:05:28","slug":"datenschutz-und-cookie-richtlinie","status":"publish","type":"page","link":"https:\/\/clayandlime.com\/de\/datenschutz-und-cookie-richtlinie\/","title":{"rendered":"Datenschutz- und Cookie-Richtlinie"},"content":{"rendered":"\r\n<p>Ihre Privatsph\u00e4re ist uns wichtig. Es ist die Politik von clayandlime, Ihre Privatsph\u00e4re in Bezug auf alle Informationen zu respektieren, die wir \u00fcber unsere Website www.clayandlime.com und andere Websites, die wir besitzen und betreiben, von Ihnen sammeln.<\/p>\r\n<p>Wir fragen nur dann nach pers\u00f6nlichen Informationen, wenn wir diese wirklich ben\u00f6tigen, um Ihnen einen Service zu bieten. Wir erfassen diese Daten auf faire und rechtm\u00e4\u00dfige Weise und mit Ihrem Wissen und Ihrer Zustimmung. Wir teilen Ihnen auch mit, warum wir diese Daten erfassen und wie sie verwendet werden.<\/p>\r\n<p>Wir bewahren die gesammelten Informationen nur so lange auf, wie es n\u00f6tig ist, um Ihnen den gew\u00fcnschten Service zu bieten. Wir sch\u00fctzen alle von uns gespeicherten Daten mit handels\u00fcblichen Mitteln, um deren Verlust und Diebstahl sowie unbefugten Zugriff, Offenlegung, Kopieren, Verwendung oder \u00c4nderung zu verhindern.<\/p>\r\n<p>Wir geben keine personenbezogenen Daten \u00f6ffentlich oder an Dritte weiter, es sei denn, dies ist gesetzlich vorgeschrieben.<\/p>\r\n<p>Unsere Website kann Links zu externen Websites enthalten, die nicht von uns betrieben werden. Bitte beachten Sie, dass wir keine Kontrolle \u00fcber den Inhalt und die Praktiken dieser Websites haben und keine Verantwortung oder Haftung f\u00fcr deren Datenschutzrichtlinien \u00fcbernehmen k\u00f6nnen.<\/p>\r\n<p>Es steht Ihnen frei, unsere Anfrage nach Ihren pers\u00f6nlichen Daten abzulehnen, allerdings mit dem Verst\u00e4ndnis, dass wir Ihnen dann m\u00f6glicherweise einige der gew\u00fcnschten Dienste nicht zur Verf\u00fcgung stellen k\u00f6nnen.<\/p>\r\n<p>Ihre fortgesetzte Nutzung unserer Website gilt als Zustimmung zu unseren Praktiken in Bezug auf Datenschutz und personenbezogene Daten. Wenn Sie Fragen zu unserem Umgang mit Benutzerdaten und pers\u00f6nlichen Informationen haben, k\u00f6nnen Sie sich gerne an uns wenden.<\/p>\r\n<p>&nbsp;<\/p>\r\n<h3 class=\"wp-block-heading\">Cookie-Richtlinie<\/h3>\r\n<p><strong>Was sind Cookies?<\/strong><\/p>\r\n<p>Wie bei fast allen professionellen Websites \u00fcblich, verwendet auch diese Website Cookies. Dabei handelt es sich um kleine Dateien, die auf Ihren Computer heruntergeladen werden, um Ihr Surferlebnis zu verbessern. Auf dieser Seite wird beschrieben, welche Informationen sie sammeln, wie wir sie verwenden und warum wir diese Cookies manchmal speichern m\u00fcssen. Wir erkl\u00e4ren Ihnen auch, wie Sie die Speicherung dieser Cookies verhindern k\u00f6nnen. Dies kann jedoch die Funktionalit\u00e4t der Website beeintr\u00e4chtigen oder ganz beeintr\u00e4chtigen.<\/p>\r\n<p><strong>\u00a0<\/strong><\/p>\r\n<p><strong>Wie wir Cookies verwenden<\/strong><\/p>\r\n<p>Wir verwenden Cookies aus verschiedenen Gr\u00fcnden, die im Folgenden n\u00e4her erl\u00e4utert werden. Leider gibt es in den meisten F\u00e4llen keine branchen\u00fcblichen Optionen zum Deaktivieren von Cookies, ohne die damit verbundenen Funktionen dieser Website vollst\u00e4ndig zu deaktivieren. Wir empfehlen Ihnen, alle Cookies aktiviert zu lassen, wenn Sie sich nicht sicher sind, ob Sie sie ben\u00f6tigen oder nicht, insbesondere wenn sie f\u00fcr die Bereitstellung eines von Ihnen genutzten Dienstes verwendet werden.<\/p>\r\n<p><strong>\u00a0<\/strong><\/p>\r\n<p><strong>Cookies deaktivieren<\/strong><\/p>\r\n<p>Sie k\u00f6nnen die Verwendung von Cookies in Ihren Browsereinstellungen verhindern (Informationen dazu finden Sie in der Hilfefunktion Ihres Browsers). Beachten Sie, dass die Deaktivierung von Cookies die Funktionalit\u00e4t dieser und vieler anderer von Ihnen besuchter Websites beeintr\u00e4chtigt. Die Deaktivierung von Cookies f\u00fchrt in der Regel auch zur Deaktivierung bestimmter Funktionen dieser Website. Daher wird empfohlen, Cookies nicht zu deaktivieren.<\/p>\r\n<p>&nbsp;<\/p>\r\n<p><strong>Auf unserer Website verwendete Cookies<\/strong><\/p>\r\n<ul>\r\n<li>Cookies f\u00fcr Website-Einstellungen: Um Ihnen ein optimales Erlebnis auf dieser Website zu bieten, bieten wir Ihnen die M\u00f6glichkeit, Ihre Einstellungen f\u00fcr die Ausf\u00fchrung dieser Website festzulegen. Um Ihre Einstellungen zu speichern, m\u00fcssen wir Cookies setzen, damit diese Informationen abgerufen werden k\u00f6nnen, wenn Sie eine Seite besuchen, die von Ihren Einstellungen betroffen ist.<\/li>\r\n<\/ul>\r\n<p>&nbsp;<\/p>\r\n<p>Wir hoffen, diese Richtlinie hat Ihnen Klarheit verschafft. Wie bereits erw\u00e4hnt: Wenn Sie sich nicht sicher sind, ob Sie etwas ben\u00f6tigen, ist es in der Regel sicherer, Cookies aktiviert zu lassen, da diese mit einer der von Ihnen auf unserer Website genutzten Funktionen interagieren k\u00f6nnen.<\/p>\r\n<p>Diese Richtlinie gilt ab <strong>April 2025.<\/strong><\/p>","protected":false},"excerpt":{"rendered":"<p>Ihre Privatsph\u00e4re ist uns wichtig. Es ist die Politik von clayandlime, Ihre Privatsph\u00e4re in Bezug auf alle Informationen zu respektieren, die wir \u00fcber unsere Website www.clayandlime.com<span class=\"excerpt-hellip\"> [\u2026]<\/span><\/p>\n","protected":false},"author":1,"featured_media":0,"parent":0,"menu_order":0,"comment_status":"closed","ping_status":"open","template":"","meta":{"footnotes":""},"class_list":["post-442","page","type-page","status-publish","hentry"],"yoast_head":"<!-- This site is optimized with the Yoast SEO plugin v25.0 - https:\/\/yoast.com\/wordpress\/plugins\/seo\/ -->\n<title>Datenschutz- und Cookie-Richtlinie - clayandlime<\/title>\n<meta name=\"robots\" content=\"index, follow, max-snippet:-1, max-image-preview:large, max-video-preview:-1\" \/>\n<link rel=\"canonical\" href=\"https:\/\/clayandlime.com\/de\/datenschutz-und-cookie-richtlinie\/\" \/>\n<meta property=\"og:locale\" content=\"de_DE\" \/>\n<meta property=\"og:type\" content=\"article\" \/>\n<meta property=\"og:title\" content=\"Datenschutz- und Cookie-Richtlinie - clayandlime\" \/>\n<meta property=\"og:description\" content=\"Ihre Privatsph\u00e4re ist uns wichtig. Es ist die Politik von clayandlime, Ihre Privatsph\u00e4re in Bezug auf alle Informationen zu respektieren, die wir \u00fcber unsere Website www.clayandlime.com [\u2026]\" \/>\n<meta property=\"og:url\" content=\"https:\/\/clayandlime.com\/de\/datenschutz-und-cookie-richtlinie\/\" \/>\n<meta property=\"og:site_name\" content=\"clayandlime\" \/>\n<meta name=\"twitter:card\" content=\"summary_large_image\" \/>\n<meta name=\"twitter:label1\" content=\"Gesch\u00e4tzte Lesezeit\" \/>\n\t<meta name=\"twitter:data1\" content=\"3\u00a0Minuten\" \/>\n<script type=\"application\/ld+json\" class=\"yoast-schema-graph\">{\"@context\":\"https:\/\/schema.org\",\"@graph\":[{\"@type\":\"WebPage\",\"@id\":\"https:\/\/clayandlime.com\/de\/datenschutz-und-cookie-richtlinie\/\",\"url\":\"https:\/\/clayandlime.com\/de\/datenschutz-und-cookie-richtlinie\/\",\"name\":\"Datenschutz- und Cookie-Richtlinie - clayandlime\",\"isPartOf\":{\"@id\":\"https:\/\/clayandlime.com\/#website\"},\"datePublished\":\"2025-04-15T15:05:28+00:00\",\"breadcrumb\":{\"@id\":\"https:\/\/clayandlime.com\/de\/datenschutz-und-cookie-richtlinie\/#breadcrumb\"},\"inLanguage\":\"de\",\"potentialAction\":[{\"@type\":\"ReadAction\",\"target\":[\"https:\/\/clayandlime.com\/de\/datenschutz-und-cookie-richtlinie\/\"]}]},{\"@type\":\"BreadcrumbList\",\"@id\":\"https:\/\/clayandlime.com\/de\/datenschutz-und-cookie-richtlinie\/#breadcrumb\",\"itemListElement\":[{\"@type\":\"ListItem\",\"position\":1,\"name\":\"In\u00edcio\",\"item\":\"https:\/\/clayandlime.com\/de\/\"},{\"@type\":\"ListItem\",\"position\":2,\"name\":\"Datenschutz- und Cookie-Richtlinie\"}]},{\"@type\":\"WebSite\",\"@id\":\"https:\/\/clayandlime.com\/#website\",\"url\":\"https:\/\/clayandlime.com\/\",\"name\":\"clayandlime\",\"description\":\"Criamos bem-estar\",\"publisher\":{\"@id\":\"https:\/\/clayandlime.com\/#organization\"},\"potentialAction\":[{\"@type\":\"SearchAction\",\"target\":{\"@type\":\"EntryPoint\",\"urlTemplate\":\"https:\/\/clayandlime.com\/?s={search_term_string}\"},\"query-input\":{\"@type\":\"PropertyValueSpecification\",\"valueRequired\":true,\"valueName\":\"search_term_string\"}}],\"inLanguage\":\"de\"},{\"@type\":\"Organization\",\"@id\":\"https:\/\/clayandlime.com\/#organization\",\"name\":\"clayandlime\",\"url\":\"https:\/\/clayandlime.com\/\",\"logo\":{\"@type\":\"ImageObject\",\"inLanguage\":\"de\",\"@id\":\"https:\/\/clayandlime.com\/#\/schema\/logo\/image\/\",\"url\":\"https:\/\/clayandlime.com\/wp-content\/uploads\/2025\/04\/clayandlime-logotipo.jpg\",\"contentUrl\":\"https:\/\/clayandlime.com\/wp-content\/uploads\/2025\/04\/clayandlime-logotipo.jpg\",\"width\":900,\"height\":220,\"caption\":\"clayandlime\"},\"image\":{\"@id\":\"https:\/\/clayandlime.com\/#\/schema\/logo\/image\/\"}}]}<\/script>\n<!-- \/ Yoast SEO plugin. -->","yoast_head_json":{"title":"Datenschutz- und Cookie-Richtlinie - clayandlime","robots":{"index":"index","follow":"follow","max-snippet":"max-snippet:-1","max-image-preview":"max-image-preview:large","max-video-preview":"max-video-preview:-1"},"canonical":"https:\/\/clayandlime.com\/de\/datenschutz-und-cookie-richtlinie\/","og_locale":"de_DE","og_type":"article","og_title":"Datenschutz- und Cookie-Richtlinie - clayandlime","og_description":"Ihre Privatsph\u00e4re ist uns wichtig. Es ist die Politik von clayandlime, Ihre Privatsph\u00e4re in Bezug auf alle Informationen zu respektieren, die wir \u00fcber unsere Website www.clayandlime.com [\u2026]","og_url":"https:\/\/clayandlime.com\/de\/datenschutz-und-cookie-richtlinie\/","og_site_name":"clayandlime","twitter_card":"summary_large_image","twitter_misc":{"Gesch\u00e4tzte Lesezeit":"3\u00a0Minuten"},"schema":{"@context":"https:\/\/schema.org","@graph":[{"@type":"WebPage","@id":"https:\/\/clayandlime.com\/de\/datenschutz-und-cookie-richtlinie\/","url":"https:\/\/clayandlime.com\/de\/datenschutz-und-cookie-richtlinie\/","name":"Datenschutz- und Cookie-Richtlinie - clayandlime","isPartOf":{"@id":"https:\/\/clayandlime.com\/#website"},"datePublished":"2025-04-15T15:05:28+00:00","breadcrumb":{"@id":"https:\/\/clayandlime.com\/de\/datenschutz-und-cookie-richtlinie\/#breadcrumb"},"inLanguage":"de","potentialAction":[{"@type":"ReadAction","target":["https:\/\/clayandlime.com\/de\/datenschutz-und-cookie-richtlinie\/"]}]},{"@type":"BreadcrumbList","@id":"https:\/\/clayandlime.com\/de\/datenschutz-und-cookie-richtlinie\/#breadcrumb","itemListElement":[{"@type":"ListItem","position":1,"name":"In\u00edcio","item":"https:\/\/clayandlime.com\/de\/"},{"@type":"ListItem","position":2,"name":"Datenschutz- und Cookie-Richtlinie"}]},{"@type":"WebSite","@id":"https:\/\/clayandlime.com\/#website","url":"https:\/\/clayandlime.com\/","name":"clayandlime","description":"Criamos bem-estar","publisher":{"@id":"https:\/\/clayandlime.com\/#organization"},"potentialAction":[{"@type":"SearchAction","target":{"@type":"EntryPoint","urlTemplate":"https:\/\/clayandlime.com\/?s={search_term_string}"},"query-input":{"@type":"PropertyValueSpecification","valueRequired":true,"valueName":"search_term_string"}}],"inLanguage":"de"},{"@type":"Organization","@id":"https:\/\/clayandlime.com\/#organization","name":"clayandlime","url":"https:\/\/clayandlime.com\/","logo":{"@type":"ImageObject","inLanguage":"de","@id":"https:\/\/clayandlime.com\/#\/schema\/logo\/image\/","url":"https:\/\/clayandlime.com\/wp-content\/uploads\/2025\/04\/clayandlime-logotipo.jpg","contentUrl":"https:\/\/clayandlime.com\/wp-content\/uploads\/2025\/04\/clayandlime-logotipo.jpg","width":900,"height":220,"caption":"clayandlime"},"image":{"@id":"https:\/\/clayandlime.com\/#\/schema\/logo\/image\/"}}]}},"_links":{"self":[{"href":"https:\/\/clayandlime.com\/de\/wp-json\/wp\/v2\/pages\/442","targetHints":{"allow":["GET"]}}],"collection":[{"href":"https:\/\/clayandlime.com\/de\/wp-json\/wp\/v2\/pages"}],"about":[{"href":"https:\/\/clayandlime.com\/de\/wp-json\/wp\/v2\/types\/page"}],"author":[{"embeddable":true,"href":"https:\/\/clayandlime.com\/de\/wp-json\/wp\/v2\/users\/1"}],"replies":[{"embeddable":true,"href":"https:\/\/clayandlime.com\/de\/wp-json\/wp\/v2\/comments?post=442"}],"version-history":[{"count":1,"href":"https:\/\/clayandlime.com\/de\/wp-json\/wp\/v2\/pages\/442\/revisions"}],"predecessor-version":[{"id":443,"href":"https:\/\/clayandlime.com\/de\/wp-json\/wp\/v2\/pages\/442\/revisions\/443"}],"wp:attachment":[{"href":"https:\/\/clayandlime.com\/de\/wp-json\/wp\/v2\/media?parent=442"}],"curies":[{"name":"wp","href":"https:\/\/api.w.org\/{rel}","templated":true}]}}