{"id":444,"date":"2025-04-15T15:08:42","date_gmt":"2025-04-15T15:08:42","guid":{"rendered":"https:\/\/clayandlime.com\/?page_id=444"},"modified":"2025-04-15T15:08:42","modified_gmt":"2025-04-15T15:08:42","slug":"politica-de-privacidad-y-cookies","status":"publish","type":"page","link":"https:\/\/clayandlime.com\/es\/politica-de-privacidad-y-cookies\/","title":{"rendered":"Pol\u00edtica de privacidad y cookies"},"content":{"rendered":"\r\n<p>Tu privacidad es importante para nosotros. La pol\u00edtica de clayandlime es respetar tu privacidad en relaci\u00f3n con cualquier informaci\u00f3n que podamos recopilar a trav\u00e9s de nuestra p\u00e1gina web, www.clayandlime.com, y otras p\u00e1ginas que poseemos y gestionamos.<\/p>\r\n<p>S\u00f3lo solicitamos informaci\u00f3n personal cuando realmente la necesitamos para prestarte un servicio. La recopilamos por medios justos y legales, con tu conocimiento y consentimiento. Adem\u00e1s, te informamos de por qu\u00e9 la recopilamos y c\u00f3mo se utilizar\u00e1.<\/p>\r\n<p>Conservamos la informaci\u00f3n recopilada s\u00f3lo el tiempo necesario para prestarte el servicio solicitado. Cuando almacenamos datos, los protegemos por medios comercialmente v\u00e1lidos para evitar su p\u00e9rdida y hurto, as\u00ed como el acceso, la divulgaci\u00f3n, la copia, el uso o la modificaci\u00f3n no autorizados.<\/p>\r\n<p>No compartimos ninguna informaci\u00f3n de identificaci\u00f3n personal p\u00fablicamente o con terceros, a menos que lo exija expresamente la ley.<\/p>\r\n<p>Nuestra p\u00e1gina web puede contener enlaces a p\u00e1ginas web externas no gestionadas por nosotros. Ten en cuenta que no tenemos ning\u00fan control sobre el contenido y las pr\u00e1cticas de dichas p\u00e1ginas y, por lo tanto, declinamos toda responsabilidad por sus pol\u00edticas de privacidad.<\/p>\r\n<p>\u200bEs libre de rechazar nuestra solicitud de informaci\u00f3n personal, entendiendo que, por ello, es posible que no podamos prestarte algunos de los servicios que deseas.<\/p>\r\n<p>Al seguir navegando por nuestra p\u00e1gina web, aceptas nuestros procedimientos en materia de privacidad e informaci\u00f3n personal. Si tienes alguna pregunta sobre c\u00f3mo tratamos los datos de los usuarios y la informaci\u00f3n personal, no dudes en ponerte en contacto con nosotros.<\/p>\r\n<p>&nbsp;<\/p>\r\n<h3 class=\"wp-block-heading\">Cookie-Richtlinie<\/h3>\r\n<p><strong>\u00bfQu\u00e9 son las cookies?<\/strong><\/p>\r\n<p>Como es pr\u00e1ctica habitual en casi todas las p\u00e1ginas web profesionales, esta tambi\u00e9n utiliza cookies, que son peque\u00f1os archivos que se descargan en tu ordenador para mejorar tu experiencia de navegaci\u00f3n. Esta p\u00e1gina describe qu\u00e9 informaci\u00f3n recogen, c\u00f3mo la utilizamos y por qu\u00e9, a veces, necesitamos almacenar estas cookies. Tambi\u00e9n te indicaremos c\u00f3mo evitar que se almacenen estas cookies, aunque esto pueda reducir el rendimiento de la p\u00e1gina web o limitar el acceso a algunas de sus funcionalidades.<\/p>\r\n<p>&nbsp;<\/p>\r\n<h3>Pol\u00edtica de cookies<\/h3>\r\n<p><strong>C\u00f3mo utilizamos las cookies<\/strong><\/p>\r\n<p>Utilizamos cookies por los motivos que se describen a continuaci\u00f3n. Lamentablemente, en la mayor\u00eda de los casos, no existen procedimientos est\u00e1ndar para deshabilitar las cookies sin desactivar por completo la funcionalidad y las caracter\u00edsticas que a\u00f1aden a esta p\u00e1gina web. Te recomendamos dejar habilitadas todas las cookies si no est\u00e1s seguro de que sean necesarias, en caso de que se utilicen para prestar un servicio que utilizas.<\/p>\r\n<p>&nbsp;<\/p>\r\n<p><strong>Deshabilitar las cookies<\/strong><\/p>\r\n<p>Puedes impedir el uso de cookies modificando la configuraci\u00f3n de tu navegador (para m\u00e1s informaci\u00f3n sobre c\u00f3mo hacerlo, consulta la Ayuda de tu navegador). Ten en cuenta que deshabilitar las cookies afectar\u00e1 a la funcionalidad de esta y muchas otras p\u00e1ginas web que visites. Deshabilitar las cookies tambi\u00e9n suele desactivar algunas de las funcionalidades y caracter\u00edsticas de esta p\u00e1gina web. \u00a0Por lo tanto, te recomendamos que no desactives las cookies.<\/p>\r\n<p>&nbsp;<\/p>\r\n<p><strong>Cookies utilizadas en nuestra p\u00e1gina web<\/strong><\/p>\r\n<ul>\r\n<li><strong>Cookies de preferencias de la p\u00e1gina web:<\/strong>\u00a0con el fin de ofrecerte una mejor experiencia de navegaci\u00f3n en esta p\u00e1gina web, te permitimos establecer tus preferencias en cuanto a su funcionamiento. Para recordar tus preferencias, necesitamos usar cookies para que esta informaci\u00f3n pueda ser recuperada cada vez que interact\u00faes con una p\u00e1gina influenciada por tus preferencias.<\/li>\r\n<\/ul>\r\n<p>&nbsp;<\/p>\r\n<p>Con la esperanza de que esta pol\u00edtica haya sido esclarecedora y, como se mencion\u00f3 anteriormente, si no est\u00e1s seguro de que sean necesarias, te recomendamos que dejes las cookies activadas por si interact\u00faan con alguna de las funcionalidades que utilizas en nuestra p\u00e1gina web.<\/p>\r\n<p>Esta pol\u00edtica es efectiva desde\u00a0<strong>Abril de 2025<\/strong>.<\/p>","protected":false},"excerpt":{"rendered":"<p>Tu privacidad es importante para nosotros. La pol\u00edtica de clayandlime es respetar tu privacidad en relaci\u00f3n con cualquier informaci\u00f3n que podamos recopilar a trav\u00e9s de nuestra<span class=\"excerpt-hellip\"> [\u2026]<\/span><\/p>\n","protected":false},"author":1,"featured_media":0,"parent":0,"menu_order":0,"comment_status":"closed","ping_status":"open","template":"","meta":{"footnotes":""},"class_list":["post-444","page","type-page","status-publish","hentry"],"yoast_head":"<!-- This site is optimized with the Yoast SEO plugin v25.0 - https:\/\/yoast.com\/wordpress\/plugins\/seo\/ -->\n<title>Pol\u00edtica de privacidad y cookies - clayandlime<\/title>\n<meta name=\"robots\" content=\"index, follow, max-snippet:-1, max-image-preview:large, max-video-preview:-1\" \/>\n<link rel=\"canonical\" href=\"https:\/\/clayandlime.com\/politica-de-privacidade-e-cookies\/\" \/>\n<meta property=\"og:locale\" content=\"es_ES\" \/>\n<meta property=\"og:type\" content=\"article\" \/>\n<meta property=\"og:title\" content=\"Pol\u00edtica de privacidad y cookies - clayandlime\" \/>\n<meta property=\"og:description\" content=\"Tu privacidad es importante para nosotros. La pol\u00edtica de clayandlime es respetar tu privacidad en relaci\u00f3n con cualquier informaci\u00f3n que podamos recopilar a trav\u00e9s de nuestra [\u2026]\" \/>\n<meta property=\"og:url\" content=\"https:\/\/clayandlime.com\/politica-de-privacidade-e-cookies\/\" \/>\n<meta property=\"og:site_name\" content=\"clayandlime\" \/>\n<meta name=\"twitter:card\" content=\"summary_large_image\" \/>\n<meta name=\"twitter:label1\" content=\"Tiempo de lectura\" \/>\n\t<meta name=\"twitter:data1\" content=\"3 minutos\" \/>\n<script type=\"application\/ld+json\" class=\"yoast-schema-graph\">{\"@context\":\"https:\/\/schema.org\",\"@graph\":[{\"@type\":\"WebPage\",\"@id\":\"https:\/\/clayandlime.com\/politica-de-privacidade-e-cookies\/\",\"url\":\"https:\/\/clayandlime.com\/politica-de-privacidade-e-cookies\/\",\"name\":\"Pol\u00edtica de privacidad y cookies - clayandlime\",\"isPartOf\":{\"@id\":\"https:\/\/clayandlime.com\/#website\"},\"datePublished\":\"2025-04-15T15:08:42+00:00\",\"breadcrumb\":{\"@id\":\"https:\/\/clayandlime.com\/politica-de-privacidade-e-cookies\/#breadcrumb\"},\"inLanguage\":\"es\",\"potentialAction\":[{\"@type\":\"ReadAction\",\"target\":[\"https:\/\/clayandlime.com\/politica-de-privacidade-e-cookies\/\"]}]},{\"@type\":\"BreadcrumbList\",\"@id\":\"https:\/\/clayandlime.com\/politica-de-privacidade-e-cookies\/#breadcrumb\",\"itemListElement\":[{\"@type\":\"ListItem\",\"position\":1,\"name\":\"In\u00edcio\",\"item\":\"https:\/\/clayandlime.com\/es\/\"},{\"@type\":\"ListItem\",\"position\":2,\"name\":\"Pol\u00edtica de privacidad y cookies\"}]},{\"@type\":\"WebSite\",\"@id\":\"https:\/\/clayandlime.com\/#website\",\"url\":\"https:\/\/clayandlime.com\/\",\"name\":\"clayandlime\",\"description\":\"Criamos bem-estar\",\"publisher\":{\"@id\":\"https:\/\/clayandlime.com\/#organization\"},\"potentialAction\":[{\"@type\":\"SearchAction\",\"target\":{\"@type\":\"EntryPoint\",\"urlTemplate\":\"https:\/\/clayandlime.com\/?s={search_term_string}\"},\"query-input\":{\"@type\":\"PropertyValueSpecification\",\"valueRequired\":true,\"valueName\":\"search_term_string\"}}],\"inLanguage\":\"es\"},{\"@type\":\"Organization\",\"@id\":\"https:\/\/clayandlime.com\/#organization\",\"name\":\"clayandlime\",\"url\":\"https:\/\/clayandlime.com\/\",\"logo\":{\"@type\":\"ImageObject\",\"inLanguage\":\"es\",\"@id\":\"https:\/\/clayandlime.com\/#\/schema\/logo\/image\/\",\"url\":\"https:\/\/clayandlime.com\/wp-content\/uploads\/2025\/04\/clayandlime-logotipo.jpg\",\"contentUrl\":\"https:\/\/clayandlime.com\/wp-content\/uploads\/2025\/04\/clayandlime-logotipo.jpg\",\"width\":900,\"height\":220,\"caption\":\"clayandlime\"},\"image\":{\"@id\":\"https:\/\/clayandlime.com\/#\/schema\/logo\/image\/\"}}]}<\/script>\n<!-- \/ Yoast SEO plugin. -->","yoast_head_json":{"title":"Pol\u00edtica de privacidad y cookies - clayandlime","robots":{"index":"index","follow":"follow","max-snippet":"max-snippet:-1","max-image-preview":"max-image-preview:large","max-video-preview":"max-video-preview:-1"},"canonical":"https:\/\/clayandlime.com\/politica-de-privacidade-e-cookies\/","og_locale":"es_ES","og_type":"article","og_title":"Pol\u00edtica de privacidad y cookies - clayandlime","og_description":"Tu privacidad es importante para nosotros. La pol\u00edtica de clayandlime es respetar tu privacidad en relaci\u00f3n con cualquier informaci\u00f3n que podamos recopilar a trav\u00e9s de nuestra [\u2026]","og_url":"https:\/\/clayandlime.com\/politica-de-privacidade-e-cookies\/","og_site_name":"clayandlime","twitter_card":"summary_large_image","twitter_misc":{"Tiempo de lectura":"3 minutos"},"schema":{"@context":"https:\/\/schema.org","@graph":[{"@type":"WebPage","@id":"https:\/\/clayandlime.com\/politica-de-privacidade-e-cookies\/","url":"https:\/\/clayandlime.com\/politica-de-privacidade-e-cookies\/","name":"Pol\u00edtica de privacidad y cookies - clayandlime","isPartOf":{"@id":"https:\/\/clayandlime.com\/#website"},"datePublished":"2025-04-15T15:08:42+00:00","breadcrumb":{"@id":"https:\/\/clayandlime.com\/politica-de-privacidade-e-cookies\/#breadcrumb"},"inLanguage":"es","potentialAction":[{"@type":"ReadAction","target":["https:\/\/clayandlime.com\/politica-de-privacidade-e-cookies\/"]}]},{"@type":"BreadcrumbList","@id":"https:\/\/clayandlime.com\/politica-de-privacidade-e-cookies\/#breadcrumb","itemListElement":[{"@type":"ListItem","position":1,"name":"In\u00edcio","item":"https:\/\/clayandlime.com\/es\/"},{"@type":"ListItem","position":2,"name":"Pol\u00edtica de privacidad y cookies"}]},{"@type":"WebSite","@id":"https:\/\/clayandlime.com\/#website","url":"https:\/\/clayandlime.com\/","name":"clayandlime","description":"Criamos bem-estar","publisher":{"@id":"https:\/\/clayandlime.com\/#organization"},"potentialAction":[{"@type":"SearchAction","target":{"@type":"EntryPoint","urlTemplate":"https:\/\/clayandlime.com\/?s={search_term_string}"},"query-input":{"@type":"PropertyValueSpecification","valueRequired":true,"valueName":"search_term_string"}}],"inLanguage":"es"},{"@type":"Organization","@id":"https:\/\/clayandlime.com\/#organization","name":"clayandlime","url":"https:\/\/clayandlime.com\/","logo":{"@type":"ImageObject","inLanguage":"es","@id":"https:\/\/clayandlime.com\/#\/schema\/logo\/image\/","url":"https:\/\/clayandlime.com\/wp-content\/uploads\/2025\/04\/clayandlime-logotipo.jpg","contentUrl":"https:\/\/clayandlime.com\/wp-content\/uploads\/2025\/04\/clayandlime-logotipo.jpg","width":900,"height":220,"caption":"clayandlime"},"image":{"@id":"https:\/\/clayandlime.com\/#\/schema\/logo\/image\/"}}]}},"_links":{"self":[{"href":"https:\/\/clayandlime.com\/es\/wp-json\/wp\/v2\/pages\/444","targetHints":{"allow":["GET"]}}],"collection":[{"href":"https:\/\/clayandlime.com\/es\/wp-json\/wp\/v2\/pages"}],"about":[{"href":"https:\/\/clayandlime.com\/es\/wp-json\/wp\/v2\/types\/page"}],"author":[{"embeddable":true,"href":"https:\/\/clayandlime.com\/es\/wp-json\/wp\/v2\/users\/1"}],"replies":[{"embeddable":true,"href":"https:\/\/clayandlime.com\/es\/wp-json\/wp\/v2\/comments?post=444"}],"version-history":[{"count":1,"href":"https:\/\/clayandlime.com\/es\/wp-json\/wp\/v2\/pages\/444\/revisions"}],"predecessor-version":[{"id":445,"href":"https:\/\/clayandlime.com\/es\/wp-json\/wp\/v2\/pages\/444\/revisions\/445"}],"wp:attachment":[{"href":"https:\/\/clayandlime.com\/es\/wp-json\/wp\/v2\/media?parent=444"}],"curies":[{"name":"wp","href":"https:\/\/api.w.org\/{rel}","templated":true}]}}